{"id":1658,"date":"2015-05-28T10:13:09","date_gmt":"2015-05-28T08:13:09","guid":{"rendered":"http:\/\/www.one-earth-kids.at\/?page_id=1658"},"modified":"2025-03-03T13:59:39","modified_gmt":"2025-03-03T12:59:39","slug":"impressum","status":"publish","type":"page","link":"https:\/\/esa-schoolatlas.eu\/en\/en\/impressum\/","title":{"rendered":"Impressum"},"content":{"rendered":"<h2>Medieninhaber, Herausgeber, Verleger<\/h2>\n<p><strong>eoVision GmbH<\/strong><br \/>\nFranz-Josef-Stra\u00dfe 19<br \/>\n5020 Salzburg, \u00d6sterreich<\/p>\n<p>Telefon: +43 662 243217<br \/>\nE-Mail: office@eovision.at<\/p>\n<p><strong>T\u00e4tigkeitsbereich<\/strong><br \/>\nDie eoVision GmbH besteht aus zwei Gesch\u00e4ftsbereichen:<\/p>\n<ul>\n<li>eoVision Consulting &#8211; Technisches B\u00fcro f\u00fcr Vermessung. Wir sind spezialisiert auf die Produktion von Geodaten, insbesondere Satellitenbildern.<\/li>\n<li>eoVision Media &#8211; Produktion und Vertrieb von Bildb\u00e4nden, Sachb\u00fcchern, Kinderb\u00fcchern, Spielen, Apps, multimedialen Installationen, Karten, Postern und Atlanten.<\/li>\n<\/ul>\n<p><strong>F\u00fcr den Inhalt verantwortlich<\/strong><br \/>\nRedaktion: Dr. Markus Eisl<\/p>\n<p><strong>Links<\/strong><br \/>\nLinks auf diese Website sind erw\u00fcnscht, wenn sie als externe Links (eigenes Browserfenster) gestaltet sind. Eine \u00dcbernahme des Hauptfensters in einen Frame des Linksetzers ist unzul\u00e4ssig. Sollte eine Website, auf die wir verlinkt haben, rechtswidrige Inhalte enthalten, so bitten wir um Mitteilung, der Link wird dann umgehend entfernt.<\/p>\n<p><strong>Haftungsausschluss<\/strong><br \/>\nTrotz Sorgfalt in der Erstellung dieser Webseite kann die Redaktion nicht die Fehlerfreiheit und Genauigkeit der enthaltenen Informationen garantieren. Jegliche Haftung f\u00fcr Sch\u00e4den, die direkt oder indirekt aus der Benutzung dieser Webseite entstehen, sind ausgeschlossen.<\/p>\n<p><strong>Copyright und Schutzrechte<\/strong><br \/>\nAlle Inhalte \u00a9 2013 by eoVision GmbH, soferne nicht anders gekennzeichnet. Alle Inhalte auf dieser Website sind urheberrechtlich gesch\u00fctzt. Texte, Bilder, Grafiken, Sound, Animationen und Videos unterliegen dem Schutz des Urheberrechts und anderer Schutzgesetze. Der Inhalt darf nicht zu kommerziellen Zwecken kopiert, verbreitet, ver\u00e4ndert oder Dritten zug\u00e4nglich gemacht werden. Jede Nutzung, insbesondere die Speicherung in Datenbanken, Vervielf\u00e4ltigung, Verbreitung, Bearbeitung und jede Form von gewerblicher Nutzung sowie die Weitergabe an Dritte &#8211; auch in Teilen oder in \u00fcberarbeiteter Form &#8211; ohne Zustimmung des Betreibers bzw. des Urhebers ist untersagt.<\/p>\n<p><strong>Datenschutz + Google Analytics<\/strong><br \/>\nInformationen \u00fcber Datenschutz und Verwendung von Kundendaten finden Sie auf unserer Website auf der Seite <a href=\"https:\/\/esa-schoolatlas.eu\/datenschutzerklaerung\/\" target=\"_blank\" rel=\"noopener noreferrer\">Datenschutzerkl\u00e4rung<\/a>.<\/p>\n<p><strong>Alternative Streitbeilegung gem\u00e4\u00df Art. 14 Abs. 1 ODR-VO und \u00a7 36 VSBG:<\/strong><br \/>\nDie Europ\u00e4ische Kommission stellt eine Plattform zur Online-Streitbeilegung (OS) bereit, die Sie unter <a href=\"https:\/\/ec.europa.eu\/consumers\/odr\" target=\"_blank\" rel=\"noopener noreferrer\">https:\/\/ec.europa.eu\/consumers\/odr<\/a> finden. Zur Teilnahme an einem Streitbeilegungsverfahren vor einer Verbraucherschlichtungsstelle sind wir nicht verpflichtet und nur nach vorhergehender Pr\u00fcfung der Sachlage bereit.<\/p>\n<div>\n<div id=\"main-content\">\n<div>\n<div>\n<\/div>\n<\/div>\n<\/div>\n<\/div>\n<table>\n<tbody>\n<tr>\n<td><strong>Rechtliche Information<\/strong><\/td>\n<\/tr>\n<tr>\n<td>Gesch\u00e4ftsf\u00fchrer<\/td>\n<td>Dr. Markus Eisl<br \/>\nDI Gerald Mansberger<br \/>\nMag. Paul Schreilechner<\/td>\n<\/tr>\n<tr>\n<td>Firmenbuchnummer<\/td>\n<td>FN 316877 x<\/td>\n<\/tr>\n<tr>\n<td>Firmenbuchgericht<\/td>\n<td>LG Salzburg<\/td>\n<\/tr>\n<tr>\n<td>UID-Nummer<\/td>\n<td>ATU64483525<\/td>\n<\/tr>\n<tr>\n<td>Beh\u00f6rde gem\u00e4\u00df E-Commerce Gesetz<\/td>\n<td>Bezirkshauptmannschaft Salzburg-Stadt<\/td>\n<\/tr>\n<tr>\n<td>Mitgliedschaften<\/td>\n<td>Wirtschaftskammer \u00d6sterreich,<br \/>\nFG Technische B\u00fcrosAIC Austrian International Consultants<\/p>\n<p>GIS-Cluster Salzburg<\/td>\n<\/tr>\n<tr>\n<td>Allgemeine Gesch\u00e4ftsbedingungen<\/td>\n<td><a href=\"https:\/\/esa-schoolatlas.eu\/wp-content\/uploads\/2017\/02\/AGB_eoVision_150101-1.pdf\" target=\"new\" rel=\"noopener noreferrer\">AGB ansehen<\/a> (Format PDF)<\/td>\n<\/tr>\n<\/tbody>\n<\/table>\n","protected":false},"excerpt":{"rendered":"<p>Medieninhaber, Herausgeber, Verleger eoVision GmbH Franz-Josef-Stra\u00dfe 19 5020 Salzburg, \u00d6sterreich Telefon: +43 662 243217 E-Mail: office@eovision.at T\u00e4tigkeitsbereich Die eoVision GmbH besteht aus zwei Gesch\u00e4ftsbereichen: eoVision Consulting &#8211; Technisches B\u00fcro f\u00fcr Vermessung. Wir sind spezialisiert auf die Produktion von Geodaten, insbesondere Satellitenbildern. eoVision Media &#8211; Produktion und Vertrieb von Bildb\u00e4nden, Sachb\u00fcchern, Kinderb\u00fcchern, Spielen, Apps, multimedialen Installationen, [&hellip;]<\/p>\n","protected":false},"author":1,"featured_media":0,"parent":0,"menu_order":0,"comment_status":"closed","ping_status":"closed","template":"","meta":{"footnotes":""},"class_list":["post-1658","page","type-page","status-publish","hentry"],"translation":{"provider":"WPGlobus","version":"3.0.0","language":"en","enabled_languages":["de","en"],"languages":{"de":{"title":true,"content":true,"excerpt":false},"en":{"title":false,"content":false,"excerpt":false}}},"yoast_head":"<!-- This site is optimized with the Yoast SEO plugin v26.3 - https:\/\/yoast.com\/wordpress\/plugins\/seo\/ -->\n<title>Impressum - eoVision<\/title>\n<meta name=\"robots\" content=\"index, follow, max-snippet:-1, max-image-preview:large, max-video-preview:-1\" \/>\n<link rel=\"canonical\" href=\"https:\/\/esa-schoolatlas.eu\/en\/en\/impressum\/\" \/>\n<meta property=\"og:locale\" content=\"en_US\" \/>\n<meta property=\"og:type\" content=\"article\" \/>\n<meta property=\"og:title\" content=\"Impressum - eoVision\" \/>\n<meta property=\"og:url\" content=\"https:\/\/esa-schoolatlas.eu\/en\/en\/impressum\/\" \/>\n<meta property=\"og:site_name\" content=\"eoVision\" \/>\n<meta property=\"article:publisher\" content=\"https:\/\/www.facebook.com\/eovision\" \/>\n<meta property=\"article:modified_time\" content=\"2025-03-03T12:59:39+00:00\" \/>\n<meta name=\"twitter:card\" content=\"summary_large_image\" \/>\n<meta name=\"twitter:label1\" content=\"Est. reading time\" \/>\n\t<meta name=\"twitter:data1\" content=\"2 minutes\" \/>\n<script type=\"application\/ld+json\" class=\"yoast-schema-graph\">{\"@context\":\"https:\/\/schema.org\",\"@graph\":[{\"@type\":\"WebPage\",\"@id\":\"https:\/\/esa-schoolatlas.eu\/en\/en\/impressum\/\",\"url\":\"https:\/\/esa-schoolatlas.eu\/en\/en\/impressum\/\",\"name\":\"Impressum - eoVision\",\"isPartOf\":{\"@id\":\"https:\/\/esa-schoolatlas.eu\/en\/#website\"},\"datePublished\":\"2015-05-28T08:13:09+00:00\",\"dateModified\":\"2025-03-03T12:59:39+00:00\",\"breadcrumb\":{\"@id\":\"https:\/\/esa-schoolatlas.eu\/en\/en\/impressum\/#breadcrumb\"},\"inLanguage\":\"en-US\",\"potentialAction\":[{\"@type\":\"ReadAction\",\"target\":[\"https:\/\/esa-schoolatlas.eu\/en\/en\/impressum\/\"]}]},{\"@type\":\"BreadcrumbList\",\"@id\":\"https:\/\/esa-schoolatlas.eu\/en\/en\/impressum\/#breadcrumb\",\"itemListElement\":[{\"@type\":\"ListItem\",\"position\":1,\"name\":\"Startseite\",\"item\":\"https:\/\/esa-schoolatlas.eu\/en\/home-pag\/\"},{\"@type\":\"ListItem\",\"position\":2,\"name\":\"Impressum\"}]},{\"@type\":\"WebSite\",\"@id\":\"https:\/\/esa-schoolatlas.eu\/en\/#website\",\"url\":\"https:\/\/esa-schoolatlas.eu\/en\/\",\"name\":\"eoVision\",\"description\":\"\",\"publisher\":{\"@id\":\"https:\/\/esa-schoolatlas.eu\/en\/#organization\"},\"potentialAction\":[{\"@type\":\"SearchAction\",\"target\":{\"@type\":\"EntryPoint\",\"urlTemplate\":\"https:\/\/esa-schoolatlas.eu\/en\/?s={search_term_string}\"},\"query-input\":{\"@type\":\"PropertyValueSpecification\",\"valueRequired\":true,\"valueName\":\"search_term_string\"}}],\"inLanguage\":\"en-US\"},{\"@type\":\"Organization\",\"@id\":\"https:\/\/esa-schoolatlas.eu\/en\/#organization\",\"name\":\"eoVision GmbH\",\"url\":\"https:\/\/esa-schoolatlas.eu\/en\/\",\"logo\":{\"@type\":\"ImageObject\",\"inLanguage\":\"en-US\",\"@id\":\"https:\/\/esa-schoolatlas.eu\/en\/#\/schema\/logo\/image\/\",\"url\":\"https:\/\/esa-schoolatlas.eu\/wp-content\/uploads\/2015\/05\/eoVision_Logo_RGB_202x144px.jpg\",\"contentUrl\":\"https:\/\/esa-schoolatlas.eu\/wp-content\/uploads\/2015\/05\/eoVision_Logo_RGB_202x144px.jpg\",\"width\":202,\"height\":144,\"caption\":\"eoVision GmbH\"},\"image\":{\"@id\":\"https:\/\/esa-schoolatlas.eu\/en\/#\/schema\/logo\/image\/\"},\"sameAs\":[\"https:\/\/www.facebook.com\/eovision\"]}]}<\/script>\n<!-- \/ Yoast SEO plugin. -->","yoast_head_json":{"title":"Impressum - eoVision","robots":{"index":"index","follow":"follow","max-snippet":"max-snippet:-1","max-image-preview":"max-image-preview:large","max-video-preview":"max-video-preview:-1"},"canonical":"https:\/\/esa-schoolatlas.eu\/en\/en\/impressum\/","og_locale":"en_US","og_type":"article","og_title":"Impressum - eoVision","og_url":"https:\/\/esa-schoolatlas.eu\/en\/en\/impressum\/","og_site_name":"eoVision","article_publisher":"https:\/\/www.facebook.com\/eovision","article_modified_time":"2025-03-03T12:59:39+00:00","twitter_card":"summary_large_image","twitter_misc":{"Est. reading time":"2 minutes"},"schema":{"@context":"https:\/\/schema.org","@graph":[{"@type":"WebPage","@id":"https:\/\/esa-schoolatlas.eu\/en\/en\/impressum\/","url":"https:\/\/esa-schoolatlas.eu\/en\/en\/impressum\/","name":"Impressum - eoVision","isPartOf":{"@id":"https:\/\/esa-schoolatlas.eu\/en\/#website"},"datePublished":"2015-05-28T08:13:09+00:00","dateModified":"2025-03-03T12:59:39+00:00","breadcrumb":{"@id":"https:\/\/esa-schoolatlas.eu\/en\/en\/impressum\/#breadcrumb"},"inLanguage":"en-US","potentialAction":[{"@type":"ReadAction","target":["https:\/\/esa-schoolatlas.eu\/en\/en\/impressum\/"]}]},{"@type":"BreadcrumbList","@id":"https:\/\/esa-schoolatlas.eu\/en\/en\/impressum\/#breadcrumb","itemListElement":[{"@type":"ListItem","position":1,"name":"Startseite","item":"https:\/\/esa-schoolatlas.eu\/en\/home-pag\/"},{"@type":"ListItem","position":2,"name":"Impressum"}]},{"@type":"WebSite","@id":"https:\/\/esa-schoolatlas.eu\/en\/#website","url":"https:\/\/esa-schoolatlas.eu\/en\/","name":"eoVision","description":"","publisher":{"@id":"https:\/\/esa-schoolatlas.eu\/en\/#organization"},"potentialAction":[{"@type":"SearchAction","target":{"@type":"EntryPoint","urlTemplate":"https:\/\/esa-schoolatlas.eu\/en\/?s={search_term_string}"},"query-input":{"@type":"PropertyValueSpecification","valueRequired":true,"valueName":"search_term_string"}}],"inLanguage":"en-US"},{"@type":"Organization","@id":"https:\/\/esa-schoolatlas.eu\/en\/#organization","name":"eoVision GmbH","url":"https:\/\/esa-schoolatlas.eu\/en\/","logo":{"@type":"ImageObject","inLanguage":"en-US","@id":"https:\/\/esa-schoolatlas.eu\/en\/#\/schema\/logo\/image\/","url":"https:\/\/esa-schoolatlas.eu\/wp-content\/uploads\/2015\/05\/eoVision_Logo_RGB_202x144px.jpg","contentUrl":"https:\/\/esa-schoolatlas.eu\/wp-content\/uploads\/2015\/05\/eoVision_Logo_RGB_202x144px.jpg","width":202,"height":144,"caption":"eoVision GmbH"},"image":{"@id":"https:\/\/esa-schoolatlas.eu\/en\/#\/schema\/logo\/image\/"},"sameAs":["https:\/\/www.facebook.com\/eovision"]}]}},"_links":{"self":[{"href":"https:\/\/esa-schoolatlas.eu\/en\/wp-json\/wp\/v2\/pages\/1658","targetHints":{"allow":["GET"]}}],"collection":[{"href":"https:\/\/esa-schoolatlas.eu\/en\/wp-json\/wp\/v2\/pages"}],"about":[{"href":"https:\/\/esa-schoolatlas.eu\/en\/wp-json\/wp\/v2\/types\/page"}],"author":[{"embeddable":true,"href":"https:\/\/esa-schoolatlas.eu\/en\/wp-json\/wp\/v2\/users\/1"}],"replies":[{"embeddable":true,"href":"https:\/\/esa-schoolatlas.eu\/en\/wp-json\/wp\/v2\/comments?post=1658"}],"version-history":[{"count":1,"href":"https:\/\/esa-schoolatlas.eu\/en\/wp-json\/wp\/v2\/pages\/1658\/revisions"}],"predecessor-version":[{"id":51777,"href":"https:\/\/esa-schoolatlas.eu\/en\/wp-json\/wp\/v2\/pages\/1658\/revisions\/51777"}],"wp:attachment":[{"href":"https:\/\/esa-schoolatlas.eu\/en\/wp-json\/wp\/v2\/media?parent=1658"}],"curies":[{"name":"wp","href":"https:\/\/api.w.org\/{rel}","templated":true}]}}